{"id":13,"date":"2012-10-11T09:26:33","date_gmt":"2012-10-11T08:26:33","guid":{"rendered":"http:\/\/buenosdiasfamilia.com\/?page_id=13"},"modified":"2012-10-11T09:26:33","modified_gmt":"2012-10-11T08:26:33","slug":"bloggers","status":"publish","type":"page","link":"https:\/\/diatradisson.com\/buenos-dias-familia\/bloggers\/","title":{"rendered":"Bloggers"},"content":{"rendered":"<p><strong><a href=\"https:\/\/diatradisson.com\/buenos-dias-familia\/wp-content\/uploads\/sites\/3\/2012\/10\/esther.jpg\"><img decoding=\"async\" loading=\"lazy\" class=\"alignleft size-thumbnail wp-image-14\" title=\"esther\" alt=\"\" src=\"https:\/\/diatradisson.com\/buenos-dias-familia\/wp-content\/uploads\/sites\/3\/2012\/10\/esther.jpg?w=150\" width=\"150\" height=\"150\" srcset=\"https:\/\/diatradisson.com\/buenos-dias-familia\/wp-content\/uploads\/sites\/3\/2012\/10\/esther.jpg 475w, https:\/\/diatradisson.com\/buenos-dias-familia\/wp-content\/uploads\/sites\/3\/2012\/10\/esther-150x150.jpg 150w, https:\/\/diatradisson.com\/buenos-dias-familia\/wp-content\/uploads\/sites\/3\/2012\/10\/esther-300x300.jpg 300w\" sizes=\"(max-width: 150px) 100vw, 150px\" \/><\/a><\/strong><\/p>\n<p><strong>Esther<\/strong><br \/>\n<strong>De maestra a blogger&#8230;y por qu\u00e9 no?<\/strong><br \/>\nComo lleva sucedi\u00e9ndome toda mi vida, nuevas oportunidades y proyectos van apareciendo en ella sin ni siquiera darme cuenta. El hecho de \u201cestar\u201d aqu\u00ed con vosotros es una muestra de ello.<br \/>\nEn medio del \u201ctsunami\u201d de vida en el que ando y con un mont\u00f3n de cambios personales y profesionales, cuando Pati me plante\u00f3 la posibilidad de poder compartir con todos vosotros este espacio virtual para reflexionar, comentar y aprender sobre los dos temas que son el motor de mi vida, la educaci\u00f3n y los ni\u00f1os, mi cara dibuj\u00f3 una sonrisa y tard\u00e9 menos de un segundo en contestar.<br \/>\nTanta es mi pasi\u00f3n por mi profesi\u00f3n que no dud\u00e9 ni un momento en aceptar la propuesta. \u00bfC\u00f3mo iba a decir que no? Me encanta escribir, me enamoran los ni\u00f1os, me desvivo por mi trabajo como maestra&#8230; as\u00ed que espero que este espacio, a parte de ser un lugar de reflexi\u00f3n personal, se convierta en un lugar \u201cvivo\u201d donde compart\u00e1is vuestras inquietudes, sentimientos o dudas y entre todos encontremos la mejor manera de acompa\u00f1ar y disfrutar de la educaci\u00f3n de los m\u00e1s peque\u00f1os.<\/p>\n<p><a href=\"https:\/\/diatradisson.com\/buenos-dias-familia\/wp-content\/uploads\/sites\/3\/2012\/10\/foto_perfil_marta3.jpg\"><img decoding=\"async\" loading=\"lazy\" class=\"alignleft size-thumbnail wp-image-27\" title=\"Foto_Perfil_Marta\" alt=\"\" src=\"https:\/\/diatradisson.com\/buenos-dias-familia\/wp-content\/uploads\/sites\/3\/2012\/10\/foto_perfil_marta3.jpg?w=150\" width=\"150\" height=\"150\" srcset=\"https:\/\/diatradisson.com\/buenos-dias-familia\/wp-content\/uploads\/sites\/3\/2012\/10\/foto_perfil_marta3.jpg 530w, https:\/\/diatradisson.com\/buenos-dias-familia\/wp-content\/uploads\/sites\/3\/2012\/10\/foto_perfil_marta3-150x150.jpg 150w, https:\/\/diatradisson.com\/buenos-dias-familia\/wp-content\/uploads\/sites\/3\/2012\/10\/foto_perfil_marta3-300x300.jpg 300w\" sizes=\"(max-width: 150px) 100vw, 150px\" \/><\/a><strong>Conoce a Marta<\/strong><br \/>\nNo son pocos los familiares y amigos que aprovechan un momento de encuentro conmigo en eventos amistosos, a la salida del cole\u2026 para consultarme dos cositas a prop\u00f3sito que soy m\u00e9dico. Es por ello que surgen multitud de ideas que considero de inter\u00e9s para todos. De todo ello y gracias a la posibilidad que nos ofrecen las nuevas tecnolog\u00edas de la informaci\u00f3n y comunicaci\u00f3n (TIC) surgi\u00f3 la idea de crear este blog.<br \/>\nSoy <em><strong>Marta Puig-Sole<\/strong><strong>r<\/strong><\/em> , m\u00e9dico especialista en <strong>Medicina Familiar y Comunitaria<\/strong>. Trabajo en un Centro de Atenci\u00f3n Primaria de Barcelona. En este blog os propondr\u00e9 <strong>consejos de salud<\/strong> para poder llevar una vida m\u00e1s <strong>saludable<\/strong>. Creo en la <strong>empat\u00eda<\/strong> y en que cada persona esconde un <strong>talento<\/strong> en su interior.<br \/>\nTambi\u00e9n me pod\u00e9is encontrar en\u00a0<a href=\"https:\/\/twitter.com\/onlymarta\" target=\"_blank\">@onlymarta<\/a><\/p>\n","protected":false},"excerpt":{"rendered":"<p>Esther De maestra a blogger&#8230;y por qu\u00e9 no? Como lleva sucedi\u00e9ndome toda mi vida, nuevas oportunidades y proyectos van apareciendo en ella sin ni siquiera darme cuenta. El hecho de \u201cestar\u201d aqu\u00ed con vosotros es una muestra de ello. En medio del \u201ctsunami\u201d de vida en el que ando y con un mont\u00f3n de cambios&#8230; <a class=\"moretag\" href=\"https:\/\/diatradisson.com\/buenos-dias-familia\/bloggers\/\" title=\"Bloggers\" > Read more<\/a><\/p>\n","protected":false},"author":3,"featured_media":0,"parent":0,"menu_order":0,"comment_status":"open","ping_status":"open","template":"","meta":[],"acf":[],"yoast_head":"<!-- This site is optimized with the Yoast SEO plugin v20.10 - https:\/\/yoast.com\/wordpress\/plugins\/seo\/ -->\n<title>Bloggers - Buenos d\u00edas familia<\/title>\n<meta name=\"robots\" content=\"index, follow, max-snippet:-1, max-image-preview:large, max-video-preview:-1\" \/>\n<link rel=\"canonical\" href=\"https:\/\/diatradisson.com\/buenos-dias-familia\/bloggers\/\" \/>\n<meta property=\"og:locale\" content=\"es_ES\" \/>\n<meta property=\"og:type\" content=\"article\" \/>\n<meta property=\"og:title\" content=\"Bloggers - Buenos d\u00edas familia\" \/>\n<meta property=\"og:description\" content=\"Esther De maestra a blogger&#8230;y por qu\u00e9 no? Como lleva sucedi\u00e9ndome toda mi vida, nuevas oportunidades y proyectos van apareciendo en ella sin ni siquiera darme cuenta. El hecho de \u201cestar\u201d aqu\u00ed con vosotros es una muestra de ello. En medio del \u201ctsunami\u201d de vida en el que ando y con un mont\u00f3n de cambios... Read more\" \/>\n<meta property=\"og:url\" content=\"https:\/\/diatradisson.com\/buenos-dias-familia\/bloggers\/\" \/>\n<meta property=\"og:site_name\" content=\"Buenos d\u00edas familia\" \/>\n<meta property=\"article:publisher\" content=\"https:\/\/www.facebook.com\/dietradisson\" \/>\n<meta property=\"og:image\" content=\"https:\/\/diatradisson.com\/buenos-dias-familia\/wp-content\/uploads\/sites\/3\/2012\/10\/esther.jpg?w=150\" \/>\n<meta name=\"twitter:label1\" content=\"Tiempo de lectura\" \/>\n\t<meta name=\"twitter:data1\" content=\"2 minutos\" \/>\n<script type=\"application\/ld+json\" class=\"yoast-schema-graph\">{\"@context\":\"https:\/\/schema.org\",\"@graph\":[{\"@type\":\"WebPage\",\"@id\":\"https:\/\/diatradisson.com\/buenos-dias-familia\/bloggers\/\",\"url\":\"https:\/\/diatradisson.com\/buenos-dias-familia\/bloggers\/\",\"name\":\"Bloggers - Buenos d\u00edas familia\",\"isPartOf\":{\"@id\":\"https:\/\/diatradisson.com\/buenos-dias-familia\/#website\"},\"datePublished\":\"2012-10-11T08:26:33+00:00\",\"dateModified\":\"2012-10-11T08:26:33+00:00\",\"breadcrumb\":{\"@id\":\"https:\/\/diatradisson.com\/buenos-dias-familia\/bloggers\/#breadcrumb\"},\"inLanguage\":\"es\",\"potentialAction\":[{\"@type\":\"ReadAction\",\"target\":[\"https:\/\/diatradisson.com\/buenos-dias-familia\/bloggers\/\"]}]},{\"@type\":\"BreadcrumbList\",\"@id\":\"https:\/\/diatradisson.com\/buenos-dias-familia\/bloggers\/#breadcrumb\",\"itemListElement\":[{\"@type\":\"ListItem\",\"position\":1,\"name\":\"Portada\",\"item\":\"https:\/\/diatradisson.com\/buenos-dias-familia\/\"},{\"@type\":\"ListItem\",\"position\":2,\"name\":\"Bloggers\"}]},{\"@type\":\"WebSite\",\"@id\":\"https:\/\/diatradisson.com\/buenos-dias-familia\/#website\",\"url\":\"https:\/\/diatradisson.com\/buenos-dias-familia\/\",\"name\":\"Buenos d\u00edas familia\",\"description\":\"Un blog de Diet R\u00e1disson\",\"potentialAction\":[{\"@type\":\"SearchAction\",\"target\":{\"@type\":\"EntryPoint\",\"urlTemplate\":\"https:\/\/diatradisson.com\/buenos-dias-familia\/?s={search_term_string}\"},\"query-input\":\"required name=search_term_string\"}],\"inLanguage\":\"es\"}]}<\/script>\n<!-- \/ Yoast SEO plugin. -->","yoast_head_json":{"title":"Bloggers - Buenos d\u00edas familia","robots":{"index":"index","follow":"follow","max-snippet":"max-snippet:-1","max-image-preview":"max-image-preview:large","max-video-preview":"max-video-preview:-1"},"canonical":"https:\/\/diatradisson.com\/buenos-dias-familia\/bloggers\/","og_locale":"es_ES","og_type":"article","og_title":"Bloggers - Buenos d\u00edas familia","og_description":"Esther De maestra a blogger&#8230;y por qu\u00e9 no? Como lleva sucedi\u00e9ndome toda mi vida, nuevas oportunidades y proyectos van apareciendo en ella sin ni siquiera darme cuenta. El hecho de \u201cestar\u201d aqu\u00ed con vosotros es una muestra de ello. En medio del \u201ctsunami\u201d de vida en el que ando y con un mont\u00f3n de cambios... Read more","og_url":"https:\/\/diatradisson.com\/buenos-dias-familia\/bloggers\/","og_site_name":"Buenos d\u00edas familia","article_publisher":"https:\/\/www.facebook.com\/dietradisson","og_image":[{"url":"https:\/\/diatradisson.com\/buenos-dias-familia\/wp-content\/uploads\/sites\/3\/2012\/10\/esther.jpg?w=150"}],"twitter_misc":{"Tiempo de lectura":"2 minutos"},"schema":{"@context":"https:\/\/schema.org","@graph":[{"@type":"WebPage","@id":"https:\/\/diatradisson.com\/buenos-dias-familia\/bloggers\/","url":"https:\/\/diatradisson.com\/buenos-dias-familia\/bloggers\/","name":"Bloggers - Buenos d\u00edas familia","isPartOf":{"@id":"https:\/\/diatradisson.com\/buenos-dias-familia\/#website"},"datePublished":"2012-10-11T08:26:33+00:00","dateModified":"2012-10-11T08:26:33+00:00","breadcrumb":{"@id":"https:\/\/diatradisson.com\/buenos-dias-familia\/bloggers\/#breadcrumb"},"inLanguage":"es","potentialAction":[{"@type":"ReadAction","target":["https:\/\/diatradisson.com\/buenos-dias-familia\/bloggers\/"]}]},{"@type":"BreadcrumbList","@id":"https:\/\/diatradisson.com\/buenos-dias-familia\/bloggers\/#breadcrumb","itemListElement":[{"@type":"ListItem","position":1,"name":"Portada","item":"https:\/\/diatradisson.com\/buenos-dias-familia\/"},{"@type":"ListItem","position":2,"name":"Bloggers"}]},{"@type":"WebSite","@id":"https:\/\/diatradisson.com\/buenos-dias-familia\/#website","url":"https:\/\/diatradisson.com\/buenos-dias-familia\/","name":"Buenos d\u00edas familia","description":"Un blog de Diet R\u00e1disson","potentialAction":[{"@type":"SearchAction","target":{"@type":"EntryPoint","urlTemplate":"https:\/\/diatradisson.com\/buenos-dias-familia\/?s={search_term_string}"},"query-input":"required name=search_term_string"}],"inLanguage":"es"}]}},"_links":{"self":[{"href":"https:\/\/diatradisson.com\/buenos-dias-familia\/wp-json\/wp\/v2\/pages\/13"}],"collection":[{"href":"https:\/\/diatradisson.com\/buenos-dias-familia\/wp-json\/wp\/v2\/pages"}],"about":[{"href":"https:\/\/diatradisson.com\/buenos-dias-familia\/wp-json\/wp\/v2\/types\/page"}],"author":[{"embeddable":true,"href":"https:\/\/diatradisson.com\/buenos-dias-familia\/wp-json\/wp\/v2\/users\/3"}],"replies":[{"embeddable":true,"href":"https:\/\/diatradisson.com\/buenos-dias-familia\/wp-json\/wp\/v2\/comments?post=13"}],"version-history":[{"count":0,"href":"https:\/\/diatradisson.com\/buenos-dias-familia\/wp-json\/wp\/v2\/pages\/13\/revisions"}],"wp:attachment":[{"href":"https:\/\/diatradisson.com\/buenos-dias-familia\/wp-json\/wp\/v2\/media?parent=13"}],"curies":[{"name":"wp","href":"https:\/\/api.w.org\/{rel}","templated":true}]}}