{"id":301,"date":"2015-11-13T14:29:55","date_gmt":"2015-11-13T13:29:55","guid":{"rendered":"http:\/\/frescota.com\/clientes\/diet\/buenos-dias-familia\/?page_id=301"},"modified":"2016-02-25T10:26:30","modified_gmt":"2016-02-25T09:26:30","slug":"sobre-este-blog","status":"publish","type":"page","link":"https:\/\/diatradisson.com\/buenos-dias-familia\/sobre-este-blog\/","title":{"rendered":"Sobre \u00e9ste blog"},"content":{"rendered":"<p>Tener una familia es maravilloso, pero queremos hacerlo todo tan bien que a menudo nos asaltan dudas, necesitamos consejos y necesitamos que nos escuchen.<\/p>\n<p>En este blog publicamos art\u00edculos sobre temas que consideramos que pueden interesarte como madre o padre , o como abuelo o abuela.<\/p>\n<p>Educaci\u00f3n, salud, h\u00e1bitos, ocio&#8230; tantos son los temas de los que se pueden hablar que si te interesa alguno en concreto que no hayamos tratado no dudes en <a href=\"https:\/\/diatradisson.com\/contacta-con-nosotros\/\" target=\"_blank\">escribirnos<\/a> o publicar un comentario e intentaremos satisfacer tu curiosidad o tus dudas .<\/p>\n","protected":false},"excerpt":{"rendered":"<p>Tener una familia es maravilloso, pero queremos hacerlo todo tan bien que a menudo nos asaltan dudas, necesitamos consejos y necesitamos que nos escuchen. En este blog publicamos art\u00edculos sobre temas que consideramos que pueden interesarte como madre o padre , o como abuelo o abuela. Educaci\u00f3n, salud, h\u00e1bitos, ocio&#8230; tantos son los temas de&#8230; <a class=\"moretag\" href=\"https:\/\/diatradisson.com\/buenos-dias-familia\/sobre-este-blog\/\" title=\"Sobre \u00e9ste blog\" > Read more<\/a><\/p>\n","protected":false},"author":1,"featured_media":0,"parent":0,"menu_order":0,"comment_status":"closed","ping_status":"closed","template":"","meta":[],"acf":[],"yoast_head":"<!-- This site is optimized with the Yoast SEO plugin v20.10 - https:\/\/yoast.com\/wordpress\/plugins\/seo\/ -->\n<title>Sobre \u00e9ste blog - Buenos d\u00edas familia<\/title>\n<meta name=\"robots\" content=\"index, follow, max-snippet:-1, max-image-preview:large, max-video-preview:-1\" \/>\n<link rel=\"canonical\" href=\"https:\/\/diatradisson.com\/buenos-dias-familia\/sobre-este-blog\/\" \/>\n<meta property=\"og:locale\" content=\"es_ES\" \/>\n<meta property=\"og:type\" content=\"article\" \/>\n<meta property=\"og:title\" content=\"Sobre \u00e9ste blog - Buenos d\u00edas familia\" \/>\n<meta property=\"og:description\" content=\"Tener una familia es maravilloso, pero queremos hacerlo todo tan bien que a menudo nos asaltan dudas, necesitamos consejos y necesitamos que nos escuchen. En este blog publicamos art\u00edculos sobre temas que consideramos que pueden interesarte como madre o padre , o como abuelo o abuela. Educaci\u00f3n, salud, h\u00e1bitos, ocio&#8230; tantos son los temas de... Read more\" \/>\n<meta property=\"og:url\" content=\"https:\/\/diatradisson.com\/buenos-dias-familia\/sobre-este-blog\/\" \/>\n<meta property=\"og:site_name\" content=\"Buenos d\u00edas familia\" \/>\n<meta property=\"article:publisher\" content=\"https:\/\/www.facebook.com\/dietradisson\" \/>\n<meta property=\"article:modified_time\" content=\"2016-02-25T09:26:30+00:00\" \/>\n<script type=\"application\/ld+json\" class=\"yoast-schema-graph\">{\"@context\":\"https:\/\/schema.org\",\"@graph\":[{\"@type\":\"WebPage\",\"@id\":\"https:\/\/diatradisson.com\/buenos-dias-familia\/sobre-este-blog\/\",\"url\":\"https:\/\/diatradisson.com\/buenos-dias-familia\/sobre-este-blog\/\",\"name\":\"Sobre \u00e9ste blog - Buenos d\u00edas familia\",\"isPartOf\":{\"@id\":\"https:\/\/diatradisson.com\/buenos-dias-familia\/#website\"},\"datePublished\":\"2015-11-13T13:29:55+00:00\",\"dateModified\":\"2016-02-25T09:26:30+00:00\",\"breadcrumb\":{\"@id\":\"https:\/\/diatradisson.com\/buenos-dias-familia\/sobre-este-blog\/#breadcrumb\"},\"inLanguage\":\"es\",\"potentialAction\":[{\"@type\":\"ReadAction\",\"target\":[\"https:\/\/diatradisson.com\/buenos-dias-familia\/sobre-este-blog\/\"]}]},{\"@type\":\"BreadcrumbList\",\"@id\":\"https:\/\/diatradisson.com\/buenos-dias-familia\/sobre-este-blog\/#breadcrumb\",\"itemListElement\":[{\"@type\":\"ListItem\",\"position\":1,\"name\":\"Portada\",\"item\":\"https:\/\/diatradisson.com\/buenos-dias-familia\/\"},{\"@type\":\"ListItem\",\"position\":2,\"name\":\"Sobre \u00e9ste blog\"}]},{\"@type\":\"WebSite\",\"@id\":\"https:\/\/diatradisson.com\/buenos-dias-familia\/#website\",\"url\":\"https:\/\/diatradisson.com\/buenos-dias-familia\/\",\"name\":\"Buenos d\u00edas familia\",\"description\":\"Un blog de Diet R\u00e1disson\",\"potentialAction\":[{\"@type\":\"SearchAction\",\"target\":{\"@type\":\"EntryPoint\",\"urlTemplate\":\"https:\/\/diatradisson.com\/buenos-dias-familia\/?s={search_term_string}\"},\"query-input\":\"required name=search_term_string\"}],\"inLanguage\":\"es\"}]}<\/script>\n<!-- \/ Yoast SEO plugin. -->","yoast_head_json":{"title":"Sobre \u00e9ste blog - Buenos d\u00edas familia","robots":{"index":"index","follow":"follow","max-snippet":"max-snippet:-1","max-image-preview":"max-image-preview:large","max-video-preview":"max-video-preview:-1"},"canonical":"https:\/\/diatradisson.com\/buenos-dias-familia\/sobre-este-blog\/","og_locale":"es_ES","og_type":"article","og_title":"Sobre \u00e9ste blog - Buenos d\u00edas familia","og_description":"Tener una familia es maravilloso, pero queremos hacerlo todo tan bien que a menudo nos asaltan dudas, necesitamos consejos y necesitamos que nos escuchen. En este blog publicamos art\u00edculos sobre temas que consideramos que pueden interesarte como madre o padre , o como abuelo o abuela. Educaci\u00f3n, salud, h\u00e1bitos, ocio&#8230; tantos son los temas de... Read more","og_url":"https:\/\/diatradisson.com\/buenos-dias-familia\/sobre-este-blog\/","og_site_name":"Buenos d\u00edas familia","article_publisher":"https:\/\/www.facebook.com\/dietradisson","article_modified_time":"2016-02-25T09:26:30+00:00","schema":{"@context":"https:\/\/schema.org","@graph":[{"@type":"WebPage","@id":"https:\/\/diatradisson.com\/buenos-dias-familia\/sobre-este-blog\/","url":"https:\/\/diatradisson.com\/buenos-dias-familia\/sobre-este-blog\/","name":"Sobre \u00e9ste blog - Buenos d\u00edas familia","isPartOf":{"@id":"https:\/\/diatradisson.com\/buenos-dias-familia\/#website"},"datePublished":"2015-11-13T13:29:55+00:00","dateModified":"2016-02-25T09:26:30+00:00","breadcrumb":{"@id":"https:\/\/diatradisson.com\/buenos-dias-familia\/sobre-este-blog\/#breadcrumb"},"inLanguage":"es","potentialAction":[{"@type":"ReadAction","target":["https:\/\/diatradisson.com\/buenos-dias-familia\/sobre-este-blog\/"]}]},{"@type":"BreadcrumbList","@id":"https:\/\/diatradisson.com\/buenos-dias-familia\/sobre-este-blog\/#breadcrumb","itemListElement":[{"@type":"ListItem","position":1,"name":"Portada","item":"https:\/\/diatradisson.com\/buenos-dias-familia\/"},{"@type":"ListItem","position":2,"name":"Sobre \u00e9ste blog"}]},{"@type":"WebSite","@id":"https:\/\/diatradisson.com\/buenos-dias-familia\/#website","url":"https:\/\/diatradisson.com\/buenos-dias-familia\/","name":"Buenos d\u00edas familia","description":"Un blog de Diet R\u00e1disson","potentialAction":[{"@type":"SearchAction","target":{"@type":"EntryPoint","urlTemplate":"https:\/\/diatradisson.com\/buenos-dias-familia\/?s={search_term_string}"},"query-input":"required name=search_term_string"}],"inLanguage":"es"}]}},"_links":{"self":[{"href":"https:\/\/diatradisson.com\/buenos-dias-familia\/wp-json\/wp\/v2\/pages\/301"}],"collection":[{"href":"https:\/\/diatradisson.com\/buenos-dias-familia\/wp-json\/wp\/v2\/pages"}],"about":[{"href":"https:\/\/diatradisson.com\/buenos-dias-familia\/wp-json\/wp\/v2\/types\/page"}],"author":[{"embeddable":true,"href":"https:\/\/diatradisson.com\/buenos-dias-familia\/wp-json\/wp\/v2\/users\/1"}],"replies":[{"embeddable":true,"href":"https:\/\/diatradisson.com\/buenos-dias-familia\/wp-json\/wp\/v2\/comments?post=301"}],"version-history":[{"count":3,"href":"https:\/\/diatradisson.com\/buenos-dias-familia\/wp-json\/wp\/v2\/pages\/301\/revisions"}],"predecessor-version":[{"id":370,"href":"https:\/\/diatradisson.com\/buenos-dias-familia\/wp-json\/wp\/v2\/pages\/301\/revisions\/370"}],"wp:attachment":[{"href":"https:\/\/diatradisson.com\/buenos-dias-familia\/wp-json\/wp\/v2\/media?parent=301"}],"curies":[{"name":"wp","href":"https:\/\/api.w.org\/{rel}","templated":true}]}}