{"id":5,"date":"2012-10-01T10:59:22","date_gmt":"2012-10-01T10:59:22","guid":{"rendered":"http:\/\/buenosdiasfamilia.wordpress.com\/?page_id=2"},"modified":"2012-10-01T10:59:22","modified_gmt":"2012-10-01T10:59:22","slug":"acerca-de","status":"publish","type":"page","link":"https:\/\/diatradisson.com\/buenos-dias-familia\/acerca-de\/","title":{"rendered":"Acerca de"},"content":{"rendered":"<p>En este blog, queremos compartir con vosotros reflexiones y consejos alrededor del mundo de la familia. Para ello contamos con excelentes bloggers m\u00e9dicos,\u00a0educadoras e incluso expertas en belleza.<\/p>\n<p>Esperamos que nuestros art\u00edculos os ayuden en la dif\u00edcil y a la vez apasionante tarea de coordinar una familia.<\/p>\n<p>&nbsp;<\/p>\n<p>Diet R\u00e1disson<\/p>\n","protected":false},"excerpt":{"rendered":"<p>En este blog, queremos compartir con vosotros reflexiones y consejos alrededor del mundo de la familia. Para ello contamos con excelentes bloggers m\u00e9dicos,\u00a0educadoras e incluso expertas en belleza. Esperamos que nuestros art\u00edculos os ayuden en la dif\u00edcil y a la vez apasionante tarea de coordinar una familia. &nbsp; Diet R\u00e1disson<\/p>\n","protected":false},"author":3,"featured_media":0,"parent":0,"menu_order":0,"comment_status":"open","ping_status":"open","template":"","meta":[],"acf":[],"yoast_head":"<!-- This site is optimized with the Yoast SEO plugin v20.10 - https:\/\/yoast.com\/wordpress\/plugins\/seo\/ -->\n<title>Acerca de - Buenos d\u00edas familia<\/title>\n<meta name=\"robots\" content=\"index, follow, max-snippet:-1, max-image-preview:large, max-video-preview:-1\" \/>\n<link rel=\"canonical\" href=\"https:\/\/diatradisson.com\/buenos-dias-familia\/acerca-de\/\" \/>\n<meta property=\"og:locale\" content=\"es_ES\" \/>\n<meta property=\"og:type\" content=\"article\" \/>\n<meta property=\"og:title\" content=\"Acerca de - Buenos d\u00edas familia\" \/>\n<meta property=\"og:description\" content=\"En este blog, queremos compartir con vosotros reflexiones y consejos alrededor del mundo de la familia. Para ello contamos con excelentes bloggers m\u00e9dicos,\u00a0educadoras e incluso expertas en belleza. Esperamos que nuestros art\u00edculos os ayuden en la dif\u00edcil y a la vez apasionante tarea de coordinar una familia. &nbsp; Diet R\u00e1disson\" \/>\n<meta property=\"og:url\" content=\"https:\/\/diatradisson.com\/buenos-dias-familia\/acerca-de\/\" \/>\n<meta property=\"og:site_name\" content=\"Buenos d\u00edas familia\" \/>\n<meta property=\"article:publisher\" content=\"https:\/\/www.facebook.com\/dietradisson\" \/>\n<script type=\"application\/ld+json\" class=\"yoast-schema-graph\">{\"@context\":\"https:\/\/schema.org\",\"@graph\":[{\"@type\":\"WebPage\",\"@id\":\"https:\/\/diatradisson.com\/buenos-dias-familia\/acerca-de\/\",\"url\":\"https:\/\/diatradisson.com\/buenos-dias-familia\/acerca-de\/\",\"name\":\"Acerca de - Buenos d\u00edas familia\",\"isPartOf\":{\"@id\":\"https:\/\/diatradisson.com\/buenos-dias-familia\/#website\"},\"datePublished\":\"2012-10-01T10:59:22+00:00\",\"dateModified\":\"2012-10-01T10:59:22+00:00\",\"breadcrumb\":{\"@id\":\"https:\/\/diatradisson.com\/buenos-dias-familia\/acerca-de\/#breadcrumb\"},\"inLanguage\":\"es\",\"potentialAction\":[{\"@type\":\"ReadAction\",\"target\":[\"https:\/\/diatradisson.com\/buenos-dias-familia\/acerca-de\/\"]}]},{\"@type\":\"BreadcrumbList\",\"@id\":\"https:\/\/diatradisson.com\/buenos-dias-familia\/acerca-de\/#breadcrumb\",\"itemListElement\":[{\"@type\":\"ListItem\",\"position\":1,\"name\":\"Portada\",\"item\":\"https:\/\/diatradisson.com\/buenos-dias-familia\/\"},{\"@type\":\"ListItem\",\"position\":2,\"name\":\"Acerca de\"}]},{\"@type\":\"WebSite\",\"@id\":\"https:\/\/diatradisson.com\/buenos-dias-familia\/#website\",\"url\":\"https:\/\/diatradisson.com\/buenos-dias-familia\/\",\"name\":\"Buenos d\u00edas familia\",\"description\":\"Un blog de Diet R\u00e1disson\",\"potentialAction\":[{\"@type\":\"SearchAction\",\"target\":{\"@type\":\"EntryPoint\",\"urlTemplate\":\"https:\/\/diatradisson.com\/buenos-dias-familia\/?s={search_term_string}\"},\"query-input\":\"required name=search_term_string\"}],\"inLanguage\":\"es\"}]}<\/script>\n<!-- \/ Yoast SEO plugin. -->","yoast_head_json":{"title":"Acerca de - Buenos d\u00edas familia","robots":{"index":"index","follow":"follow","max-snippet":"max-snippet:-1","max-image-preview":"max-image-preview:large","max-video-preview":"max-video-preview:-1"},"canonical":"https:\/\/diatradisson.com\/buenos-dias-familia\/acerca-de\/","og_locale":"es_ES","og_type":"article","og_title":"Acerca de - Buenos d\u00edas familia","og_description":"En este blog, queremos compartir con vosotros reflexiones y consejos alrededor del mundo de la familia. Para ello contamos con excelentes bloggers m\u00e9dicos,\u00a0educadoras e incluso expertas en belleza. Esperamos que nuestros art\u00edculos os ayuden en la dif\u00edcil y a la vez apasionante tarea de coordinar una familia. &nbsp; Diet R\u00e1disson","og_url":"https:\/\/diatradisson.com\/buenos-dias-familia\/acerca-de\/","og_site_name":"Buenos d\u00edas familia","article_publisher":"https:\/\/www.facebook.com\/dietradisson","schema":{"@context":"https:\/\/schema.org","@graph":[{"@type":"WebPage","@id":"https:\/\/diatradisson.com\/buenos-dias-familia\/acerca-de\/","url":"https:\/\/diatradisson.com\/buenos-dias-familia\/acerca-de\/","name":"Acerca de - Buenos d\u00edas familia","isPartOf":{"@id":"https:\/\/diatradisson.com\/buenos-dias-familia\/#website"},"datePublished":"2012-10-01T10:59:22+00:00","dateModified":"2012-10-01T10:59:22+00:00","breadcrumb":{"@id":"https:\/\/diatradisson.com\/buenos-dias-familia\/acerca-de\/#breadcrumb"},"inLanguage":"es","potentialAction":[{"@type":"ReadAction","target":["https:\/\/diatradisson.com\/buenos-dias-familia\/acerca-de\/"]}]},{"@type":"BreadcrumbList","@id":"https:\/\/diatradisson.com\/buenos-dias-familia\/acerca-de\/#breadcrumb","itemListElement":[{"@type":"ListItem","position":1,"name":"Portada","item":"https:\/\/diatradisson.com\/buenos-dias-familia\/"},{"@type":"ListItem","position":2,"name":"Acerca de"}]},{"@type":"WebSite","@id":"https:\/\/diatradisson.com\/buenos-dias-familia\/#website","url":"https:\/\/diatradisson.com\/buenos-dias-familia\/","name":"Buenos d\u00edas familia","description":"Un blog de Diet R\u00e1disson","potentialAction":[{"@type":"SearchAction","target":{"@type":"EntryPoint","urlTemplate":"https:\/\/diatradisson.com\/buenos-dias-familia\/?s={search_term_string}"},"query-input":"required name=search_term_string"}],"inLanguage":"es"}]}},"_links":{"self":[{"href":"https:\/\/diatradisson.com\/buenos-dias-familia\/wp-json\/wp\/v2\/pages\/5"}],"collection":[{"href":"https:\/\/diatradisson.com\/buenos-dias-familia\/wp-json\/wp\/v2\/pages"}],"about":[{"href":"https:\/\/diatradisson.com\/buenos-dias-familia\/wp-json\/wp\/v2\/types\/page"}],"author":[{"embeddable":true,"href":"https:\/\/diatradisson.com\/buenos-dias-familia\/wp-json\/wp\/v2\/users\/3"}],"replies":[{"embeddable":true,"href":"https:\/\/diatradisson.com\/buenos-dias-familia\/wp-json\/wp\/v2\/comments?post=5"}],"version-history":[{"count":0,"href":"https:\/\/diatradisson.com\/buenos-dias-familia\/wp-json\/wp\/v2\/pages\/5\/revisions"}],"wp:attachment":[{"href":"https:\/\/diatradisson.com\/buenos-dias-familia\/wp-json\/wp\/v2\/media?parent=5"}],"curies":[{"name":"wp","href":"https:\/\/api.w.org\/{rel}","templated":true}]}}