{"id":26,"date":"2012-10-11T09:19:41","date_gmt":"2012-10-11T08:19:41","guid":{"rendered":"http:\/\/patimenssanaincorporesano.wordpress.com\/?page_id=26"},"modified":"2016-04-18T11:22:19","modified_gmt":"2016-04-18T09:22:19","slug":"bloogers-colaboradores","status":"publish","type":"page","link":"https:\/\/diatradisson.com\/mens-sana-in-corpore-sano\/bloogers-colaboradores\/","title":{"rendered":"Bloggers colaboradores"},"content":{"rendered":"<p><strong><a href=\"https:\/\/diatradisson.com\/mens-sana-in-corpore-sano\/wp-content\/uploads\/sites\/4\/2012\/10\/naren-passport-small.jpg\"><img decoding=\"async\" loading=\"lazy\" class=\"alignleft  wp-image-30\" title=\"Naren Herrero\" alt=\"\" src=\"https:\/\/diatradisson.com\/mens-sana-in-corpore-sano\/wp-content\/uploads\/sites\/4\/2012\/10\/naren-passport-small.jpg\" height=\"202\" width=\"163\" srcset=\"https:\/\/diatradisson.com\/mens-sana-in-corpore-sano\/wp-content\/uploads\/sites\/4\/2012\/10\/naren-passport-small.jpg 271w, https:\/\/diatradisson.com\/mens-sana-in-corpore-sano\/wp-content\/uploads\/sites\/4\/2012\/10\/naren-passport-small-242x300.jpg 242w\" sizes=\"(max-width: 163px) 100vw, 163px\" \/><\/a><\/strong><\/p>\n<p><strong>Naren Herrero<\/strong><\/p>\n<p>Buscador espiritual, periodista y escritor. Especializado en la India y su milenaria filosof\u00eda espiritual, la cual considera \u00fatil para todos los \u00e1mbitos de la vida y perfectamente aplicable a las necesidades m\u00e1s acuciantes del ser humano actual.<\/p>\n<p>Su blog se llama Hijo de Vecino y su Twitter es\u00a0<a href=\"http:\/\/twitter.com\/#!\/@NarenHerrero\">@NarenHerrero<\/a><\/p>\n","protected":false},"excerpt":{"rendered":"<p>Naren Herrero Buscador espiritual, periodista y escritor. Especializado en la India y su milenaria filosof\u00eda espiritual, la cual considera \u00fatil para todos los \u00e1mbitos de la vida y perfectamente aplicable a las necesidades m\u00e1s acuciantes del ser humano actual. Su blog se llama Hijo de Vecino y su Twitter es\u00a0@NarenHerrero<\/p>\n","protected":false},"author":4,"featured_media":0,"parent":0,"menu_order":0,"comment_status":"open","ping_status":"open","template":"","meta":[],"acf":[],"yoast_head":"<!-- This site is optimized with the Yoast SEO plugin v20.10 - https:\/\/yoast.com\/wordpress\/plugins\/seo\/ -->\n<title>Bloggers colaboradores - Mens sana in corpore sano<\/title>\n<meta name=\"robots\" content=\"index, follow, max-snippet:-1, max-image-preview:large, max-video-preview:-1\" \/>\n<link rel=\"canonical\" href=\"https:\/\/diatradisson.com\/mens-sana-in-corpore-sano\/bloogers-colaboradores\/\" \/>\n<meta property=\"og:locale\" content=\"es_ES\" \/>\n<meta property=\"og:type\" content=\"article\" \/>\n<meta property=\"og:title\" content=\"Bloggers colaboradores - Mens sana in corpore sano\" \/>\n<meta property=\"og:description\" content=\"Naren Herrero Buscador espiritual, periodista y escritor. Especializado en la India y su milenaria filosof\u00eda espiritual, la cual considera \u00fatil para todos los \u00e1mbitos de la vida y perfectamente aplicable a las necesidades m\u00e1s acuciantes del ser humano actual. Su blog se llama Hijo de Vecino y su Twitter es\u00a0@NarenHerrero\" \/>\n<meta property=\"og:url\" content=\"https:\/\/diatradisson.com\/mens-sana-in-corpore-sano\/bloogers-colaboradores\/\" \/>\n<meta property=\"og:site_name\" content=\"Mens sana in corpore sano\" \/>\n<meta property=\"article:publisher\" content=\"https:\/\/www.facebook.com\/dietradisson\" \/>\n<meta property=\"article:modified_time\" content=\"2016-04-18T09:22:19+00:00\" \/>\n<meta property=\"og:image\" content=\"https:\/\/diatradisson.com\/mens-sana-in-corpore-sano\/wp-content\/uploads\/sites\/4\/2012\/10\/naren-passport-small.jpg\" \/>\n<script type=\"application\/ld+json\" class=\"yoast-schema-graph\">{\"@context\":\"https:\/\/schema.org\",\"@graph\":[{\"@type\":\"WebPage\",\"@id\":\"https:\/\/diatradisson.com\/mens-sana-in-corpore-sano\/bloogers-colaboradores\/\",\"url\":\"https:\/\/diatradisson.com\/mens-sana-in-corpore-sano\/bloogers-colaboradores\/\",\"name\":\"Bloggers colaboradores - Mens sana in corpore sano\",\"isPartOf\":{\"@id\":\"https:\/\/diatradisson.com\/mens-sana-in-corpore-sano\/#website\"},\"datePublished\":\"2012-10-11T08:19:41+00:00\",\"dateModified\":\"2016-04-18T09:22:19+00:00\",\"breadcrumb\":{\"@id\":\"https:\/\/diatradisson.com\/mens-sana-in-corpore-sano\/bloogers-colaboradores\/#breadcrumb\"},\"inLanguage\":\"es\",\"potentialAction\":[{\"@type\":\"ReadAction\",\"target\":[\"https:\/\/diatradisson.com\/mens-sana-in-corpore-sano\/bloogers-colaboradores\/\"]}]},{\"@type\":\"BreadcrumbList\",\"@id\":\"https:\/\/diatradisson.com\/mens-sana-in-corpore-sano\/bloogers-colaboradores\/#breadcrumb\",\"itemListElement\":[{\"@type\":\"ListItem\",\"position\":1,\"name\":\"Portada\",\"item\":\"https:\/\/diatradisson.com\/mens-sana-in-corpore-sano\/\"},{\"@type\":\"ListItem\",\"position\":2,\"name\":\"Bloggers colaboradores\"}]},{\"@type\":\"WebSite\",\"@id\":\"https:\/\/diatradisson.com\/mens-sana-in-corpore-sano\/#website\",\"url\":\"https:\/\/diatradisson.com\/mens-sana-in-corpore-sano\/\",\"name\":\"Mens sana in corpore sano\",\"description\":\"Un blog de Diet R\u00e1disson\",\"potentialAction\":[{\"@type\":\"SearchAction\",\"target\":{\"@type\":\"EntryPoint\",\"urlTemplate\":\"https:\/\/diatradisson.com\/mens-sana-in-corpore-sano\/?s={search_term_string}\"},\"query-input\":\"required name=search_term_string\"}],\"inLanguage\":\"es\"}]}<\/script>\n<!-- \/ Yoast SEO plugin. -->","yoast_head_json":{"title":"Bloggers colaboradores - Mens sana in corpore sano","robots":{"index":"index","follow":"follow","max-snippet":"max-snippet:-1","max-image-preview":"max-image-preview:large","max-video-preview":"max-video-preview:-1"},"canonical":"https:\/\/diatradisson.com\/mens-sana-in-corpore-sano\/bloogers-colaboradores\/","og_locale":"es_ES","og_type":"article","og_title":"Bloggers colaboradores - Mens sana in corpore sano","og_description":"Naren Herrero Buscador espiritual, periodista y escritor. Especializado en la India y su milenaria filosof\u00eda espiritual, la cual considera \u00fatil para todos los \u00e1mbitos de la vida y perfectamente aplicable a las necesidades m\u00e1s acuciantes del ser humano actual. Su blog se llama Hijo de Vecino y su Twitter es\u00a0@NarenHerrero","og_url":"https:\/\/diatradisson.com\/mens-sana-in-corpore-sano\/bloogers-colaboradores\/","og_site_name":"Mens sana in corpore sano","article_publisher":"https:\/\/www.facebook.com\/dietradisson","article_modified_time":"2016-04-18T09:22:19+00:00","og_image":[{"url":"https:\/\/diatradisson.com\/mens-sana-in-corpore-sano\/wp-content\/uploads\/sites\/4\/2012\/10\/naren-passport-small.jpg"}],"schema":{"@context":"https:\/\/schema.org","@graph":[{"@type":"WebPage","@id":"https:\/\/diatradisson.com\/mens-sana-in-corpore-sano\/bloogers-colaboradores\/","url":"https:\/\/diatradisson.com\/mens-sana-in-corpore-sano\/bloogers-colaboradores\/","name":"Bloggers colaboradores - Mens sana in corpore sano","isPartOf":{"@id":"https:\/\/diatradisson.com\/mens-sana-in-corpore-sano\/#website"},"datePublished":"2012-10-11T08:19:41+00:00","dateModified":"2016-04-18T09:22:19+00:00","breadcrumb":{"@id":"https:\/\/diatradisson.com\/mens-sana-in-corpore-sano\/bloogers-colaboradores\/#breadcrumb"},"inLanguage":"es","potentialAction":[{"@type":"ReadAction","target":["https:\/\/diatradisson.com\/mens-sana-in-corpore-sano\/bloogers-colaboradores\/"]}]},{"@type":"BreadcrumbList","@id":"https:\/\/diatradisson.com\/mens-sana-in-corpore-sano\/bloogers-colaboradores\/#breadcrumb","itemListElement":[{"@type":"ListItem","position":1,"name":"Portada","item":"https:\/\/diatradisson.com\/mens-sana-in-corpore-sano\/"},{"@type":"ListItem","position":2,"name":"Bloggers colaboradores"}]},{"@type":"WebSite","@id":"https:\/\/diatradisson.com\/mens-sana-in-corpore-sano\/#website","url":"https:\/\/diatradisson.com\/mens-sana-in-corpore-sano\/","name":"Mens sana in corpore sano","description":"Un blog de Diet R\u00e1disson","potentialAction":[{"@type":"SearchAction","target":{"@type":"EntryPoint","urlTemplate":"https:\/\/diatradisson.com\/mens-sana-in-corpore-sano\/?s={search_term_string}"},"query-input":"required name=search_term_string"}],"inLanguage":"es"}]}},"_links":{"self":[{"href":"https:\/\/diatradisson.com\/mens-sana-in-corpore-sano\/wp-json\/wp\/v2\/pages\/26"}],"collection":[{"href":"https:\/\/diatradisson.com\/mens-sana-in-corpore-sano\/wp-json\/wp\/v2\/pages"}],"about":[{"href":"https:\/\/diatradisson.com\/mens-sana-in-corpore-sano\/wp-json\/wp\/v2\/types\/page"}],"author":[{"embeddable":true,"href":"https:\/\/diatradisson.com\/mens-sana-in-corpore-sano\/wp-json\/wp\/v2\/users\/4"}],"replies":[{"embeddable":true,"href":"https:\/\/diatradisson.com\/mens-sana-in-corpore-sano\/wp-json\/wp\/v2\/comments?post=26"}],"version-history":[{"count":1,"href":"https:\/\/diatradisson.com\/mens-sana-in-corpore-sano\/wp-json\/wp\/v2\/pages\/26\/revisions"}],"predecessor-version":[{"id":618,"href":"https:\/\/diatradisson.com\/mens-sana-in-corpore-sano\/wp-json\/wp\/v2\/pages\/26\/revisions\/618"}],"wp:attachment":[{"href":"https:\/\/diatradisson.com\/mens-sana-in-corpore-sano\/wp-json\/wp\/v2\/media?parent=26"}],"curies":[{"name":"wp","href":"https:\/\/api.w.org\/{rel}","templated":true}]}}