{"id":456,"date":"2015-11-13T14:32:55","date_gmt":"2015-11-13T13:32:55","guid":{"rendered":"http:\/\/frescota.com\/clientes\/diet\/mens-sana-in-corpore-sano\/?page_id=456"},"modified":"2016-04-18T11:16:59","modified_gmt":"2016-04-18T09:16:59","slug":"sobre-este-blog","status":"publish","type":"page","link":"https:\/\/diatradisson.com\/mens-sana-in-corpore-sano\/sobre-este-blog\/","title":{"rendered":"Sobre \u00e9ste blog"},"content":{"rendered":"<p>La alimentaci\u00f3n y la salud est\u00e1n estrechamente ligadas, para mantener un cuerpo sano una buena dieta, ejercicio regular y buenos h\u00e1bitos son las herramientas fundamentales.<\/p>\n<p>Para nuestra mente y nuestro esp\u00edritu podemos utilizar otras herramientas adicionales, la meditaci\u00f3n \u00a0, una buena lectura, reflexiones sobre solidaridad, principios, valores..<\/p>\n<p>Si hay alg\u00fan tema que te interese compartir o que tratemos en el blog, puedes <a href=\"https:\/\/diatradisson.com\/contacta-con-nosotros\/\" target=\"_blank\">escribirnos<\/a> o dejar un comentario y con mucho gusto lo trataremos.<\/p>\n","protected":false},"excerpt":{"rendered":"<p>La alimentaci\u00f3n y la salud est\u00e1n estrechamente ligadas, para mantener un cuerpo sano una buena dieta, ejercicio regular y buenos h\u00e1bitos son las herramientas fundamentales. Para nuestra mente y nuestro esp\u00edritu podemos utilizar otras herramientas adicionales, la meditaci\u00f3n \u00a0, una buena lectura, reflexiones sobre solidaridad, principios, valores.. Si hay alg\u00fan tema que te interese compartir&#8230; <a class=\"moretag\" href=\"https:\/\/diatradisson.com\/mens-sana-in-corpore-sano\/sobre-este-blog\/\" title=\"Sobre \u00e9ste blog\" > Read more<\/a><\/p>\n","protected":false},"author":1,"featured_media":0,"parent":0,"menu_order":0,"comment_status":"closed","ping_status":"closed","template":"","meta":[],"acf":[],"yoast_head":"<!-- This site is optimized with the Yoast SEO plugin v20.10 - https:\/\/yoast.com\/wordpress\/plugins\/seo\/ -->\n<title>Sobre \u00e9ste blog - Mens sana in corpore sano<\/title>\n<meta name=\"robots\" content=\"index, follow, max-snippet:-1, max-image-preview:large, max-video-preview:-1\" \/>\n<link rel=\"canonical\" href=\"https:\/\/diatradisson.com\/mens-sana-in-corpore-sano\/sobre-este-blog\/\" \/>\n<meta property=\"og:locale\" content=\"es_ES\" \/>\n<meta property=\"og:type\" content=\"article\" \/>\n<meta property=\"og:title\" content=\"Sobre \u00e9ste blog - Mens sana in corpore sano\" \/>\n<meta property=\"og:description\" content=\"La alimentaci\u00f3n y la salud est\u00e1n estrechamente ligadas, para mantener un cuerpo sano una buena dieta, ejercicio regular y buenos h\u00e1bitos son las herramientas fundamentales. Para nuestra mente y nuestro esp\u00edritu podemos utilizar otras herramientas adicionales, la meditaci\u00f3n \u00a0, una buena lectura, reflexiones sobre solidaridad, principios, valores.. Si hay alg\u00fan tema que te interese compartir... Read more\" \/>\n<meta property=\"og:url\" content=\"https:\/\/diatradisson.com\/mens-sana-in-corpore-sano\/sobre-este-blog\/\" \/>\n<meta property=\"og:site_name\" content=\"Mens sana in corpore sano\" \/>\n<meta property=\"article:publisher\" content=\"https:\/\/www.facebook.com\/dietradisson\" \/>\n<meta property=\"article:modified_time\" content=\"2016-04-18T09:16:59+00:00\" \/>\n<script type=\"application\/ld+json\" class=\"yoast-schema-graph\">{\"@context\":\"https:\/\/schema.org\",\"@graph\":[{\"@type\":\"WebPage\",\"@id\":\"https:\/\/diatradisson.com\/mens-sana-in-corpore-sano\/sobre-este-blog\/\",\"url\":\"https:\/\/diatradisson.com\/mens-sana-in-corpore-sano\/sobre-este-blog\/\",\"name\":\"Sobre \u00e9ste blog - Mens sana in corpore sano\",\"isPartOf\":{\"@id\":\"https:\/\/diatradisson.com\/mens-sana-in-corpore-sano\/#website\"},\"datePublished\":\"2015-11-13T13:32:55+00:00\",\"dateModified\":\"2016-04-18T09:16:59+00:00\",\"breadcrumb\":{\"@id\":\"https:\/\/diatradisson.com\/mens-sana-in-corpore-sano\/sobre-este-blog\/#breadcrumb\"},\"inLanguage\":\"es\",\"potentialAction\":[{\"@type\":\"ReadAction\",\"target\":[\"https:\/\/diatradisson.com\/mens-sana-in-corpore-sano\/sobre-este-blog\/\"]}]},{\"@type\":\"BreadcrumbList\",\"@id\":\"https:\/\/diatradisson.com\/mens-sana-in-corpore-sano\/sobre-este-blog\/#breadcrumb\",\"itemListElement\":[{\"@type\":\"ListItem\",\"position\":1,\"name\":\"Portada\",\"item\":\"https:\/\/diatradisson.com\/mens-sana-in-corpore-sano\/\"},{\"@type\":\"ListItem\",\"position\":2,\"name\":\"Sobre \u00e9ste blog\"}]},{\"@type\":\"WebSite\",\"@id\":\"https:\/\/diatradisson.com\/mens-sana-in-corpore-sano\/#website\",\"url\":\"https:\/\/diatradisson.com\/mens-sana-in-corpore-sano\/\",\"name\":\"Mens sana in corpore sano\",\"description\":\"Un blog de Diet R\u00e1disson\",\"potentialAction\":[{\"@type\":\"SearchAction\",\"target\":{\"@type\":\"EntryPoint\",\"urlTemplate\":\"https:\/\/diatradisson.com\/mens-sana-in-corpore-sano\/?s={search_term_string}\"},\"query-input\":\"required name=search_term_string\"}],\"inLanguage\":\"es\"}]}<\/script>\n<!-- \/ Yoast SEO plugin. -->","yoast_head_json":{"title":"Sobre \u00e9ste blog - Mens sana in corpore sano","robots":{"index":"index","follow":"follow","max-snippet":"max-snippet:-1","max-image-preview":"max-image-preview:large","max-video-preview":"max-video-preview:-1"},"canonical":"https:\/\/diatradisson.com\/mens-sana-in-corpore-sano\/sobre-este-blog\/","og_locale":"es_ES","og_type":"article","og_title":"Sobre \u00e9ste blog - Mens sana in corpore sano","og_description":"La alimentaci\u00f3n y la salud est\u00e1n estrechamente ligadas, para mantener un cuerpo sano una buena dieta, ejercicio regular y buenos h\u00e1bitos son las herramientas fundamentales. Para nuestra mente y nuestro esp\u00edritu podemos utilizar otras herramientas adicionales, la meditaci\u00f3n \u00a0, una buena lectura, reflexiones sobre solidaridad, principios, valores.. Si hay alg\u00fan tema que te interese compartir... Read more","og_url":"https:\/\/diatradisson.com\/mens-sana-in-corpore-sano\/sobre-este-blog\/","og_site_name":"Mens sana in corpore sano","article_publisher":"https:\/\/www.facebook.com\/dietradisson","article_modified_time":"2016-04-18T09:16:59+00:00","schema":{"@context":"https:\/\/schema.org","@graph":[{"@type":"WebPage","@id":"https:\/\/diatradisson.com\/mens-sana-in-corpore-sano\/sobre-este-blog\/","url":"https:\/\/diatradisson.com\/mens-sana-in-corpore-sano\/sobre-este-blog\/","name":"Sobre \u00e9ste blog - Mens sana in corpore sano","isPartOf":{"@id":"https:\/\/diatradisson.com\/mens-sana-in-corpore-sano\/#website"},"datePublished":"2015-11-13T13:32:55+00:00","dateModified":"2016-04-18T09:16:59+00:00","breadcrumb":{"@id":"https:\/\/diatradisson.com\/mens-sana-in-corpore-sano\/sobre-este-blog\/#breadcrumb"},"inLanguage":"es","potentialAction":[{"@type":"ReadAction","target":["https:\/\/diatradisson.com\/mens-sana-in-corpore-sano\/sobre-este-blog\/"]}]},{"@type":"BreadcrumbList","@id":"https:\/\/diatradisson.com\/mens-sana-in-corpore-sano\/sobre-este-blog\/#breadcrumb","itemListElement":[{"@type":"ListItem","position":1,"name":"Portada","item":"https:\/\/diatradisson.com\/mens-sana-in-corpore-sano\/"},{"@type":"ListItem","position":2,"name":"Sobre \u00e9ste blog"}]},{"@type":"WebSite","@id":"https:\/\/diatradisson.com\/mens-sana-in-corpore-sano\/#website","url":"https:\/\/diatradisson.com\/mens-sana-in-corpore-sano\/","name":"Mens sana in corpore sano","description":"Un blog de Diet R\u00e1disson","potentialAction":[{"@type":"SearchAction","target":{"@type":"EntryPoint","urlTemplate":"https:\/\/diatradisson.com\/mens-sana-in-corpore-sano\/?s={search_term_string}"},"query-input":"required name=search_term_string"}],"inLanguage":"es"}]}},"_links":{"self":[{"href":"https:\/\/diatradisson.com\/mens-sana-in-corpore-sano\/wp-json\/wp\/v2\/pages\/456"}],"collection":[{"href":"https:\/\/diatradisson.com\/mens-sana-in-corpore-sano\/wp-json\/wp\/v2\/pages"}],"about":[{"href":"https:\/\/diatradisson.com\/mens-sana-in-corpore-sano\/wp-json\/wp\/v2\/types\/page"}],"author":[{"embeddable":true,"href":"https:\/\/diatradisson.com\/mens-sana-in-corpore-sano\/wp-json\/wp\/v2\/users\/1"}],"replies":[{"embeddable":true,"href":"https:\/\/diatradisson.com\/mens-sana-in-corpore-sano\/wp-json\/wp\/v2\/comments?post=456"}],"version-history":[{"count":4,"href":"https:\/\/diatradisson.com\/mens-sana-in-corpore-sano\/wp-json\/wp\/v2\/pages\/456\/revisions"}],"predecessor-version":[{"id":616,"href":"https:\/\/diatradisson.com\/mens-sana-in-corpore-sano\/wp-json\/wp\/v2\/pages\/456\/revisions\/616"}],"wp:attachment":[{"href":"https:\/\/diatradisson.com\/mens-sana-in-corpore-sano\/wp-json\/wp\/v2\/media?parent=456"}],"curies":[{"name":"wp","href":"https:\/\/api.w.org\/{rel}","templated":true}]}}